{"id":773,"date":"2012-11-14T14:36:33","date_gmt":"2012-11-14T12:36:33","guid":{"rendered":"http:\/\/www.atelier-karinsabe.de\/?page_id=773"},"modified":"2026-02-02T17:52:04","modified_gmt":"2026-02-02T15:52:04","slug":"anfahrt","status":"publish","type":"page","link":"https:\/\/www.atelier-karinsabe.de\/?page_id=773","title":{"rendered":"Kontakt &#038; Anfahrt"},"content":{"rendered":"<div class=\"fusion-fullwidth fullwidth-box fusion-builder-row-1 fusion-flex-container nonhundred-percent-fullwidth non-hundred-percent-height-scrolling\" style=\"--awb-border-radius-top-left:0px;--awb-border-radius-top-right:0px;--awb-border-radius-bottom-right:0px;--awb-border-radius-bottom-left:0px;--awb-flex-wrap:wrap;\" ><div class=\"fusion-builder-row fusion-row fusion-flex-align-items-flex-start fusion-flex-content-wrap\" style=\"max-width:1320.8px;margin-left: calc(-4% \/ 2 );margin-right: calc(-4% \/ 2 );\"><div class=\"fusion-layout-column fusion_builder_column fusion-builder-column-0 fusion_builder_column_1_1 1_1 fusion-flex-column\" style=\"--awb-bg-size:cover;--awb-width-large:100%;--awb-margin-top-large:0px;--awb-spacing-right-large:1.92%;--awb-margin-bottom-large:0px;--awb-spacing-left-large:1.92%;--awb-width-medium:100%;--awb-spacing-right-medium:1.92%;--awb-spacing-left-medium:1.92%;--awb-width-small:100%;--awb-spacing-right-small:1.92%;--awb-spacing-left-small:1.92%;\"><div class=\"fusion-column-wrapper fusion-flex-justify-content-flex-start fusion-content-layout-column\"><div class=\"fusion-text fusion-text-1\"><h3 data-fontsize=\"28\" style=\"--fontSize: 28; line-height: 1.32;\" data-lineheight=\"36.96px\" class=\"fusion-responsive-typography-calculated\">Kontakt<\/h3>\n<p>Schreiben Sie mir gerne unter <a href=\"mailto:info@atelier-karinsabe.de\">info@atelier-karinsabe.de<\/a> ich melde mich schnellstm\u00f6glich zur\u00fcck.<\/p>\n<\/p>\n<h3 data-fontsize=\"28\" style=\"--fontSize: 28; line-height: 1.32;\" data-lineheight=\"36.96px\" class=\"fusion-responsive-typography-calculated\">Der Weg zum Atelier Karin Sabe<\/h3>\n<p>Von M\u00fcnster aus fahren Sie die Grevener Stra\u00dfe n\u00f6rdlich Richtung Sprakel. Kurz nachdem die Grevener Strasse in die Sprakeler Strasse \u00fcbergeht (nach einem Bahn\u00fcbergang), biegen sie rechts in die Strasse Coerm\u00fchle ein (Sie durchfahren ein kleines Industriegebiet) und folgen der Strasse, bis Sie nach ca. 800 m die Kunst- und Kreativwerkst\u00e4tten rechts liegend in einer scharfen Linkskurve erreichen.<\/p>\n<p>Von der Kanalstrasse oder der Speicherstadt Coerde aus biegen Sie in die Strasse \u201eZum Rieselfeld\u201c ein und folgen der Strasse, bis diese die Bahntrasse \u00fcberquert. Hier biegen Sie links in die Coerm\u00fchle ein und erreichen die Kunst- und Kreativwerkst\u00e4tten nach ca. 600 m.<\/p>\n<p>Parkpl\u00e4tze sind auf dem Werkhof von \u201eHaus Coerde\u201c ausreichend vorhanden.<\/p>\n<h5 data-fontsize=\"18\" style=\"--fontSize: 18; line-height: 1.68; --minFontSize: 18;\" data-lineheight=\"30.24px\" class=\"fusion-responsive-typography-calculated\">Mit \u00f6ffentlichen Verkehrsmitteln:<\/h5>\n<p>Mit der Buslinie 16 der Stadtwerke M\u00fcnster fahren Sie ab M\u00fcnster Hbf oder Sprakel bis zur Haltestelle \u201eAm Knapp\u201c. Von dort aus sind es ca. 10 Fu\u00dfminuten bis zu den Kunst- und Kreativwerkst\u00e4tten.<br \/>\nZur sp\u00e4teren Stunde fahren Nachtbusse regelm\u00e4\u00dfig ab der Haltestelle \u201eAm Knapp\u201c zur\u00fcck zum Hbf M\u00fcnster oder in Richtung Sprakel:<\/p>\n<h5 data-fontsize=\"18\" style=\"--fontSize: 18; line-height: 1.68; --minFontSize: 18;\" data-lineheight=\"30.24px\" class=\"fusion-responsive-typography-calculated\"><a title=\"Fahrplan\" href=\"https:\/\/www.stadtwerke-muenster.de\/privatkunden\/busverkehr\/fahrplaninformationen\/fahrplaene-netzplaene\/aushangfahrplaene.html\" target=\"_blank\" rel=\"noopener\">zur Fahrplanauskunft der Stadt M\u00fcnster<\/a><\/h5><\/p>\n<\/div><\/div><\/div><\/div><\/div>\n","protected":false},"excerpt":{"rendered":"","protected":false},"author":3,"featured_media":0,"parent":0,"menu_order":0,"comment_status":"open","ping_status":"open","template":"","meta":{"ngg_post_thumbnail":0,"footnotes":""},"class_list":["post-773","page","type-page","status-publish","hentry"],"_links":{"self":[{"href":"https:\/\/www.atelier-karinsabe.de\/index.php?rest_route=\/wp\/v2\/pages\/773","targetHints":{"allow":["GET"]}}],"collection":[{"href":"https:\/\/www.atelier-karinsabe.de\/index.php?rest_route=\/wp\/v2\/pages"}],"about":[{"href":"https:\/\/www.atelier-karinsabe.de\/index.php?rest_route=\/wp\/v2\/types\/page"}],"author":[{"embeddable":true,"href":"https:\/\/www.atelier-karinsabe.de\/index.php?rest_route=\/wp\/v2\/users\/3"}],"replies":[{"embeddable":true,"href":"https:\/\/www.atelier-karinsabe.de\/index.php?rest_route=%2Fwp%2Fv2%2Fcomments&post=773"}],"version-history":[{"count":21,"href":"https:\/\/www.atelier-karinsabe.de\/index.php?rest_route=\/wp\/v2\/pages\/773\/revisions"}],"predecessor-version":[{"id":3380,"href":"https:\/\/www.atelier-karinsabe.de\/index.php?rest_route=\/wp\/v2\/pages\/773\/revisions\/3380"}],"wp:attachment":[{"href":"https:\/\/www.atelier-karinsabe.de\/index.php?rest_route=%2Fwp%2Fv2%2Fmedia&parent=773"}],"curies":[{"name":"wp","href":"https:\/\/api.w.org\/{rel}","templated":true}]}}